{"id":4019,"date":"2018-07-24T14:03:13","date_gmt":"2018-07-24T13:03:13","guid":{"rendered":"https:\/\/madinavisconti.com\/delivery-and-returns\/"},"modified":"2025-09-01T17:23:09","modified_gmt":"2025-09-01T15:23:09","slug":"spedizioni-e-resi","status":"publish","type":"page","link":"https:\/\/madinavisconti.com\/it\/spedizioni-e-resi\/","title":{"rendered":"Spedizioni e resi"},"content":{"rendered":"\n<div style=\"height:20px\" aria-hidden=\"true\" class=\"wp-block-spacer\"><\/div>\n\n\n\n<h2 class=\"wp-block-heading\">Spedizioni<\/h2>\n\n\n\n<hr class=\"wp-block-separator has-text-color has-css-opacity has-background is-style-wide\" style=\"background-color:#fe8e8e;color:#fe8e8e\"\/>\n\n\n\n<div style=\"height:14px\" aria-hidden=\"true\" class=\"wp-block-spacer\"><\/div>\n\n\n\n<div class=\"wp-block-group is-nowrap is-layout-flex wp-container-core-group-is-layout-ad2f72ca wp-block-group-is-layout-flex\">\n<div style=\"height:20px;width:0px\" aria-hidden=\"true\" class=\"wp-block-spacer wp-container-content-62aae154\"><\/div>\n<\/div>\n\n\n\n<div style=\"height:34px\" aria-hidden=\"true\" class=\"wp-block-spacer\"><\/div>\n\n\n\n<p class=\"has-medium-font-size\">I tuoi ordini verranno elaborati entro un giorno lavorativo dal ricevimento della notifica di pagamento. Pre-ordinazioni non in stock sono prodotte a mano secondo il tempo indicato per ogni pezzo (dalle 2-7 settimane).<\/p>\n\n\n\n<p style=\"font-size:18px\">I tempi di consegna dipendono dalla localit\u00e0 selezionata come indirizzo di spedizione:<\/p>\n\n\n\n<div style=\"height:34px\" aria-hidden=\"true\" class=\"wp-block-spacer\"><\/div>\n\n\n\n<div style=\"height:17px\" aria-hidden=\"true\" class=\"wp-block-spacer\"><\/div>\n\n\n\n<p><\/p>\n\n\n\n<figure class=\"wp-block-table is-style-regular has-medium-font-size\"><table><tbody><tr><td><strong><strong>METODI DI SPEDIZIONE<\/strong><\/strong><\/td><td class=\"has-text-align-left\" data-align=\"left\"><strong><strong>TEMPI DI SPEDIZIONE<\/strong><\/strong><\/td><td><strong><strong>COSTO STIMATO<\/strong><\/strong><\/td><\/tr><tr><td><strong>&#8211; RITIRO IN ATELIER*<\/strong><\/td><td class=\"has-text-align-left\" data-align=\"left\">  4 ore lavorative<\/td><td>GRATIS<\/td><\/tr><tr><td><strong>&#8211; CORRIERE ESPRESSO**<\/strong><\/td><td class=\"has-text-align-left\" data-align=\"left\">16 ore lavorative<\/td><td>\u20ac 10<\/td><\/tr><tr><td>&nbsp;<\/td><td class=\"has-text-align-left\" data-align=\"left\"><\/td><td class=\"has-text-align-center\" data-align=\"center\"><\/td><\/tr><tr><td><strong>&#8211; ITALIA STANDARD<\/strong><\/td><td class=\"has-text-align-left\" data-align=\"left\">2-3 giorni lavorativi<\/td><td>\u20ac 10 (Spedizione omaggio in Italia sopra i 250,00 Euro)<\/td><\/tr><tr><td><strong>&#8211; ITALIA ESPRESSO<\/strong><\/td><td class=\"has-text-align-left\" data-align=\"left\">Next Business Day entro le ore 12:00<\/td><td>\u20ac 30 (Spedizione express in Italia sopra i 250,00 Euro)<\/td><\/tr><tr><td>&nbsp;<\/td><td class=\"has-text-align-left\" data-align=\"left\">&nbsp;<\/td><td>&nbsp;<\/td><\/tr><tr><td><strong>&#8211; UE STANDARD<\/strong><\/td><td class=\"has-text-align-left\" data-align=\"left\">2-3 giorni lavorativi<\/td><td>\u20ac 20 (Spedizione omaggio fuori Italia sopra i 400,00 Euro)<\/td><\/tr><tr><td><strong>&#8211; UE ESPRESSO<\/strong><\/td><td class=\"has-text-align-left\" data-align=\"left\">2 giorni lavorativi entro le ore 12:00<\/td><td>\u20ac 35 (Spedizione express fuori Italia sopra i 400,00 Euro)<\/td><\/tr><tr><td>&nbsp;<\/td><td class=\"has-text-align-left\" data-align=\"left\">&nbsp;<\/td><td>&nbsp;<\/td><\/tr><tr><td><strong>&#8211; EUROPA NON-EU STANDARD***<\/strong><\/td><td class=\"has-text-align-left\" data-align=\"left\">2-3 giorni lavorativi<\/td><td>\u20ac 25 (Spedizione omaggio fuori Italia sopra i 400,00 Euro)<\/td><\/tr><tr><td><strong>&#8211; <strong>EUROPA NON-EU <\/strong>ESPRESSO***<\/strong><\/td><td class=\"has-text-align-left\" data-align=\"left\">2 giorni lavorativi entro le ore 12:00<\/td><td>\u20ac 35 (Spedizione express fuori Italia sopra i 400,00 Euro)<\/td><\/tr><tr><td>&nbsp;<\/td><td class=\"has-text-align-left\" data-align=\"left\">&nbsp;<\/td><td>&nbsp;<\/td><\/tr><tr><td><strong>&#8211; WORLDWIDE STANDARD***<\/strong><\/td><td class=\"has-text-align-left\" data-align=\"left\">3-7 giorni lavorativi<\/td><td><a href=\"https:\/\/madinavisconti.com\/specs\/mvm-shipping-resi-policy-IT.pdf\">CONSULTA LA TABELLA<\/a> <br>(Spedizione gratuita fuori Italia sopra i 400,00 Euro)<\/td><\/tr><\/tbody><\/table><\/figure>\n\n\n\n<div style=\"height:17px\" aria-hidden=\"true\" class=\"wp-block-spacer\"><\/div>\n\n\n\n<div class=\"wp-block-group\"><div class=\"wp-block-group__inner-container is-layout-flow wp-block-group-is-layout-flow\">\n<div style=\"height:40px\" aria-hidden=\"true\" class=\"wp-block-spacer\"><\/div>\n\n\n\n<p class=\"has-medium-font-size\">*&nbsp;<strong>FREE IN-STORE PICKUP<\/strong> Non puoi attendere il corriere? Ritira personalmente in negozio! Il tuo ordine sar\u00e0 pronto in circa 4 ore lavorative dall&#8217;acquisto online, riceverai una mail che ti comunicher\u00e0 quando potrai passare per il ritiro. Servizio valido dal luned\u00ec al venerd\u00ec 09:30 \u2013 13:30 \/ 14:30 \u2013 18:30<\/p>\n\n\n\n<div style=\"height:40px\" aria-hidden=\"true\" class=\"wp-block-spacer\"><\/div>\n\n\n\n<p class=\"has-medium-font-size\">** <strong>CORRIERE ESPRESSO <\/strong>Servizio valido solo a Milano in citt\u00e0 (codici postali 20121-20162).<\/p>\n\n\n\n<div style=\"height:40px\" aria-hidden=\"true\" class=\"wp-block-spacer\"><\/div>\n\n\n\n<p class=\"has-medium-font-size\">*** Eventuali dazi doganali sono da considerarsi a carico del destinatario e non sono inclusi nel costo dell&#8217;invio.<\/p>\n\n\n\n<div style=\"height:40px\" aria-hidden=\"true\" class=\"wp-block-spacer\"><\/div>\n\n\n\n<p class=\"has-medium-font-size\">Per i prodotti su commissione, l\u2019ordine verr\u00e0 consegnato entro 4 \u2013 7 settimane lavorative dal momento dell\u2019ordine (le tempistiche di produzione variano a seconda del modello selezionato), salvo ritardi di produzione che verranno debitamente comunicati. Per gli ordini effettuati dopo il&nbsp;10 luglio, la produzione inizier\u00e0 a partire dal&nbsp;1\u00b0 settembre.<\/p>\n<\/div><\/div>\n\n\n\n<div style=\"height:40px\" aria-hidden=\"true\" class=\"wp-block-spacer\"><\/div>\n\n\n\n<div class=\"wp-block-group\"><div class=\"wp-block-group__inner-container is-layout-flow wp-block-group-is-layout-flow\">\n<div style=\"height:82px\" aria-hidden=\"true\" class=\"wp-block-spacer\"><\/div>\n<\/div><\/div>\n\n\n\n<div class=\"wp-block-group\"><div class=\"wp-block-group__inner-container is-layout-flow wp-block-group-is-layout-flow\"><\/div><\/div>\n\n\n\n<h2 class=\"wp-block-heading\">Resi<\/h2>\n\n\n\n<hr class=\"wp-block-separator has-text-color has-css-opacity has-background is-style-wide\" style=\"background-color:#fe8e8e;color:#fe8e8e\"\/>\n\n\n\n<div style=\"height:20px\" aria-hidden=\"true\" class=\"wp-block-spacer\"><\/div>\n\n\n\n<p class=\"has-medium-font-size\">Offriamo una politica di reso di 14 giorni, ovvero puoi rispedirci i prodotti che hai acquistato entro 14 giorni consecutivi a partire dalla data in cui \u00e8 stato consegnato il tuo ordine. Avrai diritto a un rimborso totale del \/ i prodotto \/ i acquistato \/ i, se resi nelle stesse condizioni in cui li hai ricevuti:<\/p>\n\n\n\n<div style=\"height:40px\" aria-hidden=\"true\" class=\"wp-block-spacer\"><\/div>\n\n\n\n<ul class=\"wp-block-list has-medium-font-size\">\n<li>Il prodotto deve essere restituito nella sua interezza.<\/li>\n\n\n\n<li>Il prodotto non deve essere danneggiato in alcun modo.<\/li>\n\n\n\n<li>Il prodotto deve essere restituito nella confezione originale.<\/li>\n\n\n\n<li>Il prodotto non \u00e8 stato ordinato su commissione.<\/li>\n<\/ul>\n\n\n\n<div style=\"height:40px\" aria-hidden=\"true\" class=\"wp-block-spacer\"><\/div>\n\n\n\n<p class=\"has-medium-font-size\">Tutte le spese di spedizione e gestione non sono rimborsabili. Invia una mail a digital@omvisconti.it specificando nell\u2019oggetto RESO. Una volta approvato il reso, provvederemo ad inviarti tutta la documentazione necessaria per rispedire l\u2019articolo presso le nostre sedi. L\u2019importo del rimborso, corrispondente al totale ordine al netto dei costi di spedizione e spese di gestione, verr\u00e0 corrisposto entro 30 giorni dalla restituzione del bene utilizzando lo stesso metodo di pagamento selezionato in fase di acquisto. Riceverai un\u2019e-mail una volta che avremo elaborato il rimborso.<\/p>\n\n\n\n<div style=\"height:40px\" aria-hidden=\"true\" class=\"wp-block-spacer\"><\/div>\n\n\n\n<p class=\"has-medium-font-size\">Il diritto di recesso \u00e8 escluso se i prodotti che hai acquistato sono stati personalizzati o sono stati realizzati interamente su misura.<\/p>\n\n\n\n<div style=\"height:40px\" aria-hidden=\"true\" class=\"wp-block-spacer\"><\/div>\n\n\n\n<p class=\"has-medium-font-size\">Per ulteriori informazioni non esitare a contattarci tramite email: digital@omvisconti.it o Whatsapp +39 3332255645.<\/p>\n\n\n\n<div style=\"height:40px\" aria-hidden=\"true\" class=\"wp-block-spacer\"><\/div>\n\n\n\n<div style=\"height:60px\" aria-hidden=\"true\" class=\"wp-block-spacer\"><\/div>\n","protected":false},"excerpt":{"rendered":"<p>Spedizioni I tuoi ordini verranno elaborati entro un giorno lavorativo dal ricevimento della notifica di pagamento. Pre-ordinazioni non&#8230;<\/p>\n","protected":false},"author":4,"featured_media":11768,"parent":0,"menu_order":14,"comment_status":"closed","ping_status":"closed","template":"","meta":{"_acf_changed":false,"rs_blank_template":"","rs_page_bg_color":"","slide_template_v7":"","footnotes":""},"class_list":["post-4019","page","type-page","status-publish","has-post-thumbnail","hentry"],"acf":[],"yoast_head":"<!-- This site is optimized with the Yoast SEO Premium plugin v27.4 (Yoast SEO v27.4) - https:\/\/yoast.com\/product\/yoast-seo-premium-wordpress\/ -->\n<title>Spedizioni e resi - Madina Visconti<\/title>\n<meta name=\"robots\" content=\"index, follow, max-snippet:-1, max-image-preview:large, max-video-preview:-1\" \/>\n<link rel=\"canonical\" href=\"https:\/\/madinavisconti.com\/it\/spedizioni-e-resi\/\" \/>\n<meta property=\"og:locale\" content=\"it_IT\" \/>\n<meta property=\"og:type\" content=\"article\" \/>\n<meta property=\"og:title\" content=\"Spedizioni e resi\" \/>\n<meta property=\"og:description\" content=\"Spedizioni I tuoi ordini verranno elaborati entro un giorno lavorativo dal ricevimento della notifica di pagamento. Pre-ordinazioni non in stock sono\" \/>\n<meta property=\"og:url\" content=\"https:\/\/madinavisconti.com\/it\/spedizioni-e-resi\/\" \/>\n<meta property=\"og:site_name\" content=\"Madina Visconti\" \/>\n<meta property=\"article:publisher\" content=\"https:\/\/www.facebook.com\/madinavisconti\" \/>\n<meta property=\"article:modified_time\" content=\"2025-09-01T15:23:09+00:00\" \/>\n<meta property=\"og:image\" content=\"https:\/\/madinavisconti.com\/wp-content\/uploads\/2021\/10\/madina-visconti-shipping-returns-policy-1.png\" \/>\n\t<meta property=\"og:image:width\" content=\"953\" \/>\n\t<meta property=\"og:image:height\" content=\"789\" \/>\n\t<meta property=\"og:image:type\" content=\"image\/png\" \/>\n<meta name=\"twitter:card\" content=\"summary_large_image\" \/>\n<meta name=\"twitter:label1\" content=\"Tempo di lettura stimato\" \/>\n\t<meta name=\"twitter:data1\" content=\"4 minuti\" \/>\n<script type=\"application\/ld+json\" class=\"yoast-schema-graph\">{\"@context\":\"https:\\\/\\\/schema.org\",\"@graph\":[{\"@type\":\"WebPage\",\"@id\":\"https:\\\/\\\/madinavisconti.com\\\/it\\\/spedizioni-e-resi\\\/\",\"url\":\"https:\\\/\\\/madinavisconti.com\\\/it\\\/spedizioni-e-resi\\\/\",\"name\":\"Spedizioni e resi - Madina Visconti\",\"isPartOf\":{\"@id\":\"https:\\\/\\\/madinavisconti.com\\\/it\\\/#website\"},\"primaryImageOfPage\":{\"@id\":\"https:\\\/\\\/madinavisconti.com\\\/it\\\/spedizioni-e-resi\\\/#primaryimage\"},\"image\":{\"@id\":\"https:\\\/\\\/madinavisconti.com\\\/it\\\/spedizioni-e-resi\\\/#primaryimage\"},\"thumbnailUrl\":\"https:\\\/\\\/i0.wp.com\\\/madinavisconti.com\\\/wp-content\\\/uploads\\\/2021\\\/10\\\/madina-visconti-shipping-returns-policy-1.png?fit=953%2C789&ssl=1\",\"datePublished\":\"2018-07-24T13:03:13+00:00\",\"dateModified\":\"2025-09-01T15:23:09+00:00\",\"breadcrumb\":{\"@id\":\"https:\\\/\\\/madinavisconti.com\\\/it\\\/spedizioni-e-resi\\\/#breadcrumb\"},\"inLanguage\":\"it-IT\",\"potentialAction\":[{\"@type\":\"ReadAction\",\"target\":[\"https:\\\/\\\/madinavisconti.com\\\/it\\\/spedizioni-e-resi\\\/\"]}]},{\"@type\":\"ImageObject\",\"inLanguage\":\"it-IT\",\"@id\":\"https:\\\/\\\/madinavisconti.com\\\/it\\\/spedizioni-e-resi\\\/#primaryimage\",\"url\":\"https:\\\/\\\/i0.wp.com\\\/madinavisconti.com\\\/wp-content\\\/uploads\\\/2021\\\/10\\\/madina-visconti-shipping-returns-policy-1.png?fit=953%2C789&ssl=1\",\"contentUrl\":\"https:\\\/\\\/i0.wp.com\\\/madinavisconti.com\\\/wp-content\\\/uploads\\\/2021\\\/10\\\/madina-visconti-shipping-returns-policy-1.png?fit=953%2C789&ssl=1\",\"width\":953,\"height\":789,\"caption\":\"Shipping and Return Policy thumb - Madina Visconti\"},{\"@type\":\"BreadcrumbList\",\"@id\":\"https:\\\/\\\/madinavisconti.com\\\/it\\\/spedizioni-e-resi\\\/#breadcrumb\",\"itemListElement\":[{\"@type\":\"ListItem\",\"position\":1,\"name\":\"Home\",\"item\":\"https:\\\/\\\/madinavisconti.com\\\/it\\\/\"},{\"@type\":\"ListItem\",\"position\":2,\"name\":\"Spedizioni e resi\"}]},{\"@type\":\"WebSite\",\"@id\":\"https:\\\/\\\/madinavisconti.com\\\/it\\\/#website\",\"url\":\"https:\\\/\\\/madinavisconti.com\\\/it\\\/\",\"name\":\"Madina Visconti\",\"description\":\"Osanna e Madina Visconti di Modrone\",\"publisher\":{\"@id\":\"https:\\\/\\\/madinavisconti.com\\\/it\\\/#organization\"},\"potentialAction\":[{\"@type\":\"SearchAction\",\"target\":{\"@type\":\"EntryPoint\",\"urlTemplate\":\"https:\\\/\\\/madinavisconti.com\\\/it\\\/?s={search_term_string}\"},\"query-input\":{\"@type\":\"PropertyValueSpecification\",\"valueRequired\":true,\"valueName\":\"search_term_string\"}}],\"inLanguage\":\"it-IT\"},{\"@type\":[\"Organization\",\"Place\"],\"@id\":\"https:\\\/\\\/madinavisconti.com\\\/it\\\/#organization\",\"name\":\"Madina Visconti\",\"url\":\"https:\\\/\\\/madinavisconti.com\\\/it\\\/\",\"logo\":{\"@id\":\"https:\\\/\\\/madinavisconti.com\\\/it\\\/spedizioni-e-resi\\\/#local-main-organization-logo\"},\"image\":{\"@id\":\"https:\\\/\\\/madinavisconti.com\\\/it\\\/spedizioni-e-resi\\\/#local-main-organization-logo\"},\"sameAs\":[\"https:\\\/\\\/www.facebook.com\\\/madinavisconti\",\"https:\\\/\\\/www.instagram.com\\\/madinavisconti\",\"https:\\\/\\\/www.linkedin.com\\\/company\\\/madinavisconti\",\"https:\\\/\\\/www.pinterest.com\\\/madinavisconti\"],\"hasMerchantReturnPolicy\":{\"@type\":\"MerchantReturnPolicy\",\"merchantReturnLink\":\"https:\\\/\\\/madinavisconti.com\\\/delivery-and-returns\\\/\"},\"telephone\":[],\"openingHoursSpecification\":[{\"@type\":\"OpeningHoursSpecification\",\"dayOfWeek\":[\"Monday\",\"Tuesday\",\"Wednesday\",\"Thursday\",\"Friday\",\"Saturday\",\"Sunday\"],\"opens\":\"09:00\",\"closes\":\"17:00\"}]},{\"@type\":\"ImageObject\",\"inLanguage\":\"it-IT\",\"@id\":\"https:\\\/\\\/madinavisconti.com\\\/it\\\/spedizioni-e-resi\\\/#local-main-organization-logo\",\"url\":\"https:\\\/\\\/i0.wp.com\\\/madinavisconti.com\\\/wp-content\\\/uploads\\\/2024\\\/03\\\/mvm-by-madina-visconti-logo.jpg?fit=870%2C309&ssl=1\",\"contentUrl\":\"https:\\\/\\\/i0.wp.com\\\/madinavisconti.com\\\/wp-content\\\/uploads\\\/2024\\\/03\\\/mvm-by-madina-visconti-logo.jpg?fit=870%2C309&ssl=1\",\"width\":870,\"height\":309,\"caption\":\"Madina Visconti\"}]}<\/script>\n<!-- \/ Yoast SEO Premium plugin. -->","yoast_head_json":{"title":"Spedizioni e resi - Madina Visconti","robots":{"index":"index","follow":"follow","max-snippet":"max-snippet:-1","max-image-preview":"max-image-preview:large","max-video-preview":"max-video-preview:-1"},"canonical":"https:\/\/madinavisconti.com\/it\/spedizioni-e-resi\/","og_locale":"it_IT","og_type":"article","og_title":"Spedizioni e resi","og_description":"Spedizioni I tuoi ordini verranno elaborati entro un giorno lavorativo dal ricevimento della notifica di pagamento. Pre-ordinazioni non in stock sono","og_url":"https:\/\/madinavisconti.com\/it\/spedizioni-e-resi\/","og_site_name":"Madina Visconti","article_publisher":"https:\/\/www.facebook.com\/madinavisconti","article_modified_time":"2025-09-01T15:23:09+00:00","og_image":[{"width":953,"height":789,"url":"https:\/\/madinavisconti.com\/wp-content\/uploads\/2021\/10\/madina-visconti-shipping-returns-policy-1.png","type":"image\/png"}],"twitter_card":"summary_large_image","twitter_misc":{"Tempo di lettura stimato":"4 minuti"},"schema":{"@context":"https:\/\/schema.org","@graph":[{"@type":"WebPage","@id":"https:\/\/madinavisconti.com\/it\/spedizioni-e-resi\/","url":"https:\/\/madinavisconti.com\/it\/spedizioni-e-resi\/","name":"Spedizioni e resi - Madina Visconti","isPartOf":{"@id":"https:\/\/madinavisconti.com\/it\/#website"},"primaryImageOfPage":{"@id":"https:\/\/madinavisconti.com\/it\/spedizioni-e-resi\/#primaryimage"},"image":{"@id":"https:\/\/madinavisconti.com\/it\/spedizioni-e-resi\/#primaryimage"},"thumbnailUrl":"https:\/\/i0.wp.com\/madinavisconti.com\/wp-content\/uploads\/2021\/10\/madina-visconti-shipping-returns-policy-1.png?fit=953%2C789&ssl=1","datePublished":"2018-07-24T13:03:13+00:00","dateModified":"2025-09-01T15:23:09+00:00","breadcrumb":{"@id":"https:\/\/madinavisconti.com\/it\/spedizioni-e-resi\/#breadcrumb"},"inLanguage":"it-IT","potentialAction":[{"@type":"ReadAction","target":["https:\/\/madinavisconti.com\/it\/spedizioni-e-resi\/"]}]},{"@type":"ImageObject","inLanguage":"it-IT","@id":"https:\/\/madinavisconti.com\/it\/spedizioni-e-resi\/#primaryimage","url":"https:\/\/i0.wp.com\/madinavisconti.com\/wp-content\/uploads\/2021\/10\/madina-visconti-shipping-returns-policy-1.png?fit=953%2C789&ssl=1","contentUrl":"https:\/\/i0.wp.com\/madinavisconti.com\/wp-content\/uploads\/2021\/10\/madina-visconti-shipping-returns-policy-1.png?fit=953%2C789&ssl=1","width":953,"height":789,"caption":"Shipping and Return Policy thumb - Madina Visconti"},{"@type":"BreadcrumbList","@id":"https:\/\/madinavisconti.com\/it\/spedizioni-e-resi\/#breadcrumb","itemListElement":[{"@type":"ListItem","position":1,"name":"Home","item":"https:\/\/madinavisconti.com\/it\/"},{"@type":"ListItem","position":2,"name":"Spedizioni e resi"}]},{"@type":"WebSite","@id":"https:\/\/madinavisconti.com\/it\/#website","url":"https:\/\/madinavisconti.com\/it\/","name":"Madina Visconti","description":"Osanna e Madina Visconti di Modrone","publisher":{"@id":"https:\/\/madinavisconti.com\/it\/#organization"},"potentialAction":[{"@type":"SearchAction","target":{"@type":"EntryPoint","urlTemplate":"https:\/\/madinavisconti.com\/it\/?s={search_term_string}"},"query-input":{"@type":"PropertyValueSpecification","valueRequired":true,"valueName":"search_term_string"}}],"inLanguage":"it-IT"},{"@type":["Organization","Place"],"@id":"https:\/\/madinavisconti.com\/it\/#organization","name":"Madina Visconti","url":"https:\/\/madinavisconti.com\/it\/","logo":{"@id":"https:\/\/madinavisconti.com\/it\/spedizioni-e-resi\/#local-main-organization-logo"},"image":{"@id":"https:\/\/madinavisconti.com\/it\/spedizioni-e-resi\/#local-main-organization-logo"},"sameAs":["https:\/\/www.facebook.com\/madinavisconti","https:\/\/www.instagram.com\/madinavisconti","https:\/\/www.linkedin.com\/company\/madinavisconti","https:\/\/www.pinterest.com\/madinavisconti"],"hasMerchantReturnPolicy":{"@type":"MerchantReturnPolicy","merchantReturnLink":"https:\/\/madinavisconti.com\/delivery-and-returns\/"},"telephone":[],"openingHoursSpecification":[{"@type":"OpeningHoursSpecification","dayOfWeek":["Monday","Tuesday","Wednesday","Thursday","Friday","Saturday","Sunday"],"opens":"09:00","closes":"17:00"}]},{"@type":"ImageObject","inLanguage":"it-IT","@id":"https:\/\/madinavisconti.com\/it\/spedizioni-e-resi\/#local-main-organization-logo","url":"https:\/\/i0.wp.com\/madinavisconti.com\/wp-content\/uploads\/2024\/03\/mvm-by-madina-visconti-logo.jpg?fit=870%2C309&ssl=1","contentUrl":"https:\/\/i0.wp.com\/madinavisconti.com\/wp-content\/uploads\/2024\/03\/mvm-by-madina-visconti-logo.jpg?fit=870%2C309&ssl=1","width":870,"height":309,"caption":"Madina Visconti"}]}},"_links":{"self":[{"href":"https:\/\/madinavisconti.com\/it\/wp-json\/wp\/v2\/pages\/4019","targetHints":{"allow":["GET"]}}],"collection":[{"href":"https:\/\/madinavisconti.com\/it\/wp-json\/wp\/v2\/pages"}],"about":[{"href":"https:\/\/madinavisconti.com\/it\/wp-json\/wp\/v2\/types\/page"}],"author":[{"embeddable":true,"href":"https:\/\/madinavisconti.com\/it\/wp-json\/wp\/v2\/users\/4"}],"replies":[{"embeddable":true,"href":"https:\/\/madinavisconti.com\/it\/wp-json\/wp\/v2\/comments?post=4019"}],"version-history":[{"count":25,"href":"https:\/\/madinavisconti.com\/it\/wp-json\/wp\/v2\/pages\/4019\/revisions"}],"predecessor-version":[{"id":25237,"href":"https:\/\/madinavisconti.com\/it\/wp-json\/wp\/v2\/pages\/4019\/revisions\/25237"}],"wp:featuredmedia":[{"embeddable":true,"href":"https:\/\/madinavisconti.com\/it\/wp-json\/wp\/v2\/media\/11768"}],"wp:attachment":[{"href":"https:\/\/madinavisconti.com\/it\/wp-json\/wp\/v2\/media?parent=4019"}],"curies":[{"name":"wp","href":"https:\/\/api.w.org\/{rel}","templated":true}]}}