{"id":98,"date":"2018-06-14T10:04:08","date_gmt":"2018-06-14T10:04:08","guid":{"rendered":"https:\/\/madinavisconti.com\/about\/"},"modified":"2024-04-10T18:43:06","modified_gmt":"2024-04-10T16:43:06","slug":"la-nostra-storia","status":"publish","type":"page","link":"https:\/\/madinavisconti.com\/it\/la-nostra-storia\/","title":{"rendered":"La nostra Storia"},"content":{"rendered":"<section class='site-box section-side-image-content bg-dark-green align-top align-left standard-height direction-reverse effect-fixed'><div class='text-wrap appearance fade from-bottom'><h1>Madina Visconti<\/h1>\n<p>Madina Visconti \u00e8 cresciuta a Milano, in una famiglia di artisti e imprenditori, dove la creativit\u00e0, in tutte le sue manifestazioni, ha sempre giocato un ruolo cruciale.<\/p>\n<p>Tra tutti gli appassionati d&#8217;arte della sua famiglia, Madina \u00e8 stata fortemente influenzata dalla nonna, che era solita adornarsi con sculture da indossare create appositamente per lei da artisti contemporanei suoi amici, e da sua madre, che ha disegnato per molti anni gioielli artigianali.<\/p>\n<p>Seguendo le loro orme, Madina ha realizzato il suo primo pezzo a 12 anni. Ha poi studiato design del gioiello a Milano e arte a Londra, e in seguito ha deciso di unirsi al marchio di famiglia, precedentemente fondato da sua madre, Osanna.<\/p>\n<p>Madina ha iniziato quindi fin da ragazzina a sentire il bisogno di coltivare la propria creativit\u00e0 e\u00a0 ha trovato il suo modo di esprimerla fondendo design di gioielli, natura e artigianato locale.<\/p>\n<p>Oggi Madina gestisce il proprio marchio, che \u00e8 riuscita a creare unendo la natura, il suo acuto senso dello stile e i ricordi di sua madre che lavorava con la cera per creare sculture indossabili in bronzo e argento.<\/p>\n<p>&nbsp;<\/p>\n<h2>La natura come principio di tutte le cose<\/h2>\n<p>Madina Visconti \u00e8 sempre stata affascinata dalla rigogliosa bellezza della natura e dal modo in cui cresce, ramificandosi liberamente in tutte le direzioni e avvolgendo tutto ci\u00f2 che incontra sul suo percorso. Uno dei primissimi ricordi della sua infanzia richiama i giorni trascorsi a passeggiare tra i roseti in campagna, stregata dai colori e dai profumi dei fiori e dall&#8217;eleganza che i loro rami trasmettono arrampicandosi in ogni direzione.<\/p>\n<p>Di conseguenza, tutti i suoi gioielli riflettono la sfera naturale nel suo complesso, richiamando fiori, foglie, rami intrecciati, stelle e linee astratte organiche e materiche. Madina intende replicare la sensualit\u00e0 delle forme e delle forme naturali, e pi\u00f9 in generale il modo in cui la natura fiorisce e cresce: sinuosa, imprevedibile ma allo stesso tempo sorprendentemente armonica e proporzionata.<\/p>\n<p>Anche i pezzi in cui l&#8217;influenza naturale sembra essere meno presente, sono lasciati estremamente organici e materici, anche grazie all&#8217;utilizzo del Bronzo: con le sue tonalit\u00e0 particolari e sempre diverse, permette al designer di rappresentare fedelmente dettagli naturali e di regalare gioielli un tocco non convenzionale e unico.<\/p>\n<p>&nbsp;<\/p>\n<h2>Preziosi perch\u00e8 unici<\/h2>\n<p>Secondo Madina, l&#8217;artigianato rispecchia un nuovo concetto di lusso che si \u00e8 imposto con forza negli ultimi anni e che rispecchia la sua visione personale: con il termine &#8220;lusso&#8221; oggi si intende il privilegio di avere pezzi unici plasmati a seconda del proprio gusto e desiderio, che si contrappongono completamente alla produzione industriale di massa che impone dall&#8217;alto al pubblico uno stile omogeneo e standardizzato.<\/p>\n<p>Il rapporto unico che intercorre tra Madina Visconti e gli artigiani permette di unire il saper fare artigianale, la creativit\u00e0 del designer e il gusto personale del cliente, ottenendo cos\u00ec pezzi unici, sempre diversi tra loro.<\/p>\n<p>Pertanto, qui, il concetto di lusso non \u00e8 da intendersi solo come \u201cprezioso\u201d, ma piuttosto e soprattutto come \u201cunico\u201d. Infatti, i gioielli di Madina sono realizzati principalmente in metalli semipreziosi.<\/p>\n<p>Per la prima volta la stessa cura per i dettagli, generalmente legata al concetto di lusso, viene data al bronzo e all&#8217;argento, lasciati volutamente semi lucidi, per far trasparire la mano dell&#8217;artigiano.<\/p>\n<blockquote>\n<p>&#8220;Il risultato \u00e8 un pezzo sofisticato e duraturo.&#8221;<\/p>\n<\/blockquote>\n<p>&nbsp;<\/p>\n<h2>Nuovi tesori di famiglia da indossare<\/h2>\n<p>Le radici di Madina Visconti sono ben radicate e l&#8217;importanza che attribuisce alla famiglia e al patrimonio culturale \u00e8 fondamentale. E &#8216;cresciuta assorbendo il concetto di trasversalit\u00e0 dei gioielli, intendendoli come un patrimonio prezioso da tramandare alle generazioni future, come hanno fatto con lei sua madre e sua nonna. \u201cI gioielli hanno bisogno di staccarsi dai meccanismi di produzione stagionale, tipici delle aziende di moda, perch\u00e9 sono caratterizzati, prima di tutto, dal valore emotivo che incorporano\u201d. I suoi gioielli, infatti, sono moderni e indossabili oggi come tra cinquant&#8217;anni: le creazioni di Madina non seguono le regole della moda, rappresentano invece pezzi eterni che racchiudono sentimenti e un patrimonio che cresce con il passare del tempo. Il senso dell&#8217;estetica di Madina l&#8217;ha portata a riscoprire i tesori di famiglia e a proiettarli nell&#8217;era moderna. Madina crea pezzi senza tempo attraverso il suo occhio contemporaneo come nuovo simbolo del patrimonio madre-figlia, superando il clich\u00e9 che associa l&#8217;ornamento di famiglia all&#8217;haute joaillerie.<\/p>\n<blockquote>\n<p>&#8220;Il primo esempio del Name Cuff \u00e8 stato originariamente realizzato da mia madre per sua sorella, nel 1985, per celebrare un evento importante nella vita di sua sorella: la nascita del suo primo figlio. Era cos\u00ec personale che non ha mai voluto che facesse parte della sua collezione. Quando sono entrata a far parte del marchio ho deciso di riscoprire ci\u00f2 che era negli archivi del marchio e ho pensato che fosse cos\u00ec bello che tutti avrebbero dovuto avere la possibilit\u00e0 di possederne uno&#8221;<\/p>\n<\/blockquote>\n<p>&nbsp;<\/p>\n<h2>Creazioni artigianali per valorizzare la propria femminilit\u00e0<\/h2>\n<p>La storia di Madina \u00e8 la storia di una generazione di donne eccezionali, che hanno infranto le regole dei loro tempi mostrando un forte atteggiamento indipendente.<\/p>\n<p>Per questo l&#8217;importanza della figura femminile \u00e8 centrale in ogni collezione: i gioielli della designer trasmettono la teatralit\u00e0 di una donna magnetica e affascinante. Tuttavia, la femminilit\u00e0 non deve essere confusa con l&#8217;affettazione, ma \u00e8 piuttosto rappresentativa di uno stile sicuro e vivace.<\/p>\n<p>Inoltre, nella concezione di Madina, quando una donna indossa i suoi anelli, braccialetti, colletti e cerchietti, diventa parte integrante del mondo naturale, come se fosse incline ad entrare nella fisicit\u00e0 della natura, perdendo la sua identit\u00e0 umana pur essendo abbracciata dalla flora che la circonda.<\/p>\n<blockquote>\n<p>&#8220;In passato, la natura rappresentava l&#8217;elemento primario per la decorazione femminile e, allo stesso modo, le mie collezioni non si limitano ad adornare la donna, ma la incorporano nella sfera naturale&#8221;<\/p>\n<\/blockquote>\n<p>&nbsp;<\/p>\n<h2>Gioielli versatili e da abbinare liberamente tra loro<\/h2>\n<p>Inoltre, ogni gioiello creato da Madina \u00e8 indossabile con la versatilit\u00e0 e la sicurezza di s\u00e9 tanto necessarie, indipendentemente dall&#8217;evento, permettendo alla donna di essere la versione pi\u00f9 genuina e spontanea di se stessa.<\/p>\n<blockquote>\n<p>\u00a0&#8220;In realt\u00e0 non abbiamo bisogno di un&#8217;occasione speciale per indossare gioielli, dovremmo esserlo fiducioso di essere ingioiellato ogni giorno, in ogni momento della giornata, con un paio di jeans e una semplice maglietta!&#8221;<\/p>\n<\/blockquote>\n<p>La designer ama pensare che i suoi gioielli possano essere indossati mescolando diverse collezioni, giocando gioiosamente con gli accostamenti di diversi colori smaltati. Inoltre, Madina invita il suo pubblico a indossare i suoi pezzi insieme ai propri gioielli, in questo modo i diversi modelli sono in grado di illuminarsi a vicenda, conferendo un&#8217;immagine meravigliosa.<\/p>\n<\/div><div class='image-wrap'><span class='appearance fixed' style='background-image:url(https:\/\/madinavisconti.com\/wp-content\/uploads\/2024\/04\/madina-visconti-high-jewelry-about.jpg);'><\/span><\/div><\/section>\n\n<section class='site-box section-banner orientation-row  bg-pink'><div class='inner-wrap'><div class='wrap'><h2 class='title appearance fade from-bottom'>Scopri le nostre creazioni<\/h2><\/div><div class='wrap'><p class='appearance fade from-bottom'><a href='https:\/\/madinavisconti.com\/it\/collezioni\/' title='Scopri' class='site-link'>Scopri<\/a><\/p><\/div><\/div><\/section>","protected":false},"excerpt":{"rendered":"","protected":false},"author":4,"featured_media":8784,"parent":0,"menu_order":17,"comment_status":"closed","ping_status":"closed","template":"","meta":{"_acf_changed":false,"rs_blank_template":"","rs_page_bg_color":"","slide_template_v7":"","footnotes":""},"class_list":["post-98","page","type-page","status-publish","has-post-thumbnail","hentry"],"acf":[],"yoast_head":"<!-- This site is optimized with the Yoast SEO Premium plugin v27.5 (Yoast SEO v27.5) - https:\/\/yoast.com\/product\/yoast-seo-premium-wordpress\/ -->\n<title>La nostra Storia - Madina Visconti<\/title>\n<meta name=\"robots\" content=\"index, follow, max-snippet:-1, max-image-preview:large, max-video-preview:-1\" \/>\n<link rel=\"canonical\" href=\"https:\/\/madinavisconti.com\/it\/la-nostra-storia\/\" \/>\n<meta property=\"og:locale\" content=\"it_IT\" \/>\n<meta property=\"og:type\" content=\"article\" \/>\n<meta property=\"og:title\" content=\"La nostra Storia\" \/>\n<meta property=\"og:url\" content=\"https:\/\/madinavisconti.com\/it\/la-nostra-storia\/\" \/>\n<meta property=\"og:site_name\" content=\"Madina Visconti\" \/>\n<meta property=\"article:publisher\" content=\"https:\/\/www.facebook.com\/madinavisconti\" \/>\n<meta property=\"article:modified_time\" content=\"2024-04-10T16:43:06+00:00\" \/>\n<meta property=\"og:image\" content=\"https:\/\/i0.wp.com\/madinavisconti.com\/wp-content\/uploads\/2020\/10\/madina-visconti-artigianalita.jpg?fit=1920%2C1282&ssl=1\" \/>\n\t<meta property=\"og:image:width\" content=\"1920\" \/>\n\t<meta property=\"og:image:height\" content=\"1282\" \/>\n\t<meta property=\"og:image:type\" content=\"image\/jpeg\" \/>\n<meta name=\"twitter:card\" content=\"summary_large_image\" \/>\n<meta name=\"twitter:label1\" content=\"Tempo di lettura stimato\" \/>\n\t<meta name=\"twitter:data1\" content=\"1 minuto\" \/>\n<script type=\"application\/ld+json\" class=\"yoast-schema-graph\">{\"@context\":\"https:\\\/\\\/schema.org\",\"@graph\":[{\"@type\":\"WebPage\",\"@id\":\"https:\\\/\\\/madinavisconti.com\\\/it\\\/la-nostra-storia\\\/\",\"url\":\"https:\\\/\\\/madinavisconti.com\\\/it\\\/la-nostra-storia\\\/\",\"name\":\"La nostra Storia - Madina Visconti\",\"isPartOf\":{\"@id\":\"https:\\\/\\\/madinavisconti.com\\\/it\\\/#website\"},\"primaryImageOfPage\":{\"@id\":\"https:\\\/\\\/madinavisconti.com\\\/it\\\/la-nostra-storia\\\/#primaryimage\"},\"image\":{\"@id\":\"https:\\\/\\\/madinavisconti.com\\\/it\\\/la-nostra-storia\\\/#primaryimage\"},\"thumbnailUrl\":\"https:\\\/\\\/i0.wp.com\\\/madinavisconti.com\\\/wp-content\\\/uploads\\\/2020\\\/10\\\/madina-visconti-artigianalita.jpg?fit=1920%2C1282&ssl=1\",\"datePublished\":\"2018-06-14T10:04:08+00:00\",\"dateModified\":\"2024-04-10T16:43:06+00:00\",\"breadcrumb\":{\"@id\":\"https:\\\/\\\/madinavisconti.com\\\/it\\\/la-nostra-storia\\\/#breadcrumb\"},\"inLanguage\":\"it-IT\",\"potentialAction\":[{\"@type\":\"ReadAction\",\"target\":[\"https:\\\/\\\/madinavisconti.com\\\/it\\\/la-nostra-storia\\\/\"]}]},{\"@type\":\"ImageObject\",\"inLanguage\":\"it-IT\",\"@id\":\"https:\\\/\\\/madinavisconti.com\\\/it\\\/la-nostra-storia\\\/#primaryimage\",\"url\":\"https:\\\/\\\/i0.wp.com\\\/madinavisconti.com\\\/wp-content\\\/uploads\\\/2020\\\/10\\\/madina-visconti-artigianalita.jpg?fit=1920%2C1282&ssl=1\",\"contentUrl\":\"https:\\\/\\\/i0.wp.com\\\/madinavisconti.com\\\/wp-content\\\/uploads\\\/2020\\\/10\\\/madina-visconti-artigianalita.jpg?fit=1920%2C1282&ssl=1\",\"width\":1920,\"height\":1282},{\"@type\":\"BreadcrumbList\",\"@id\":\"https:\\\/\\\/madinavisconti.com\\\/it\\\/la-nostra-storia\\\/#breadcrumb\",\"itemListElement\":[{\"@type\":\"ListItem\",\"position\":1,\"name\":\"Home\",\"item\":\"https:\\\/\\\/madinavisconti.com\\\/it\\\/\"},{\"@type\":\"ListItem\",\"position\":2,\"name\":\"La nostra Storia\"}]},{\"@type\":\"WebSite\",\"@id\":\"https:\\\/\\\/madinavisconti.com\\\/it\\\/#website\",\"url\":\"https:\\\/\\\/madinavisconti.com\\\/it\\\/\",\"name\":\"Madina Visconti\",\"description\":\"Osanna e Madina Visconti di Modrone\",\"publisher\":{\"@id\":\"https:\\\/\\\/madinavisconti.com\\\/it\\\/#organization\"},\"potentialAction\":[{\"@type\":\"SearchAction\",\"target\":{\"@type\":\"EntryPoint\",\"urlTemplate\":\"https:\\\/\\\/madinavisconti.com\\\/it\\\/?s={search_term_string}\"},\"query-input\":{\"@type\":\"PropertyValueSpecification\",\"valueRequired\":true,\"valueName\":\"search_term_string\"}}],\"inLanguage\":\"it-IT\"},{\"@type\":[\"Organization\",\"Place\"],\"@id\":\"https:\\\/\\\/madinavisconti.com\\\/it\\\/#organization\",\"name\":\"Madina Visconti\",\"url\":\"https:\\\/\\\/madinavisconti.com\\\/it\\\/\",\"logo\":{\"@id\":\"https:\\\/\\\/madinavisconti.com\\\/it\\\/la-nostra-storia\\\/#local-main-organization-logo\"},\"image\":{\"@id\":\"https:\\\/\\\/madinavisconti.com\\\/it\\\/la-nostra-storia\\\/#local-main-organization-logo\"},\"sameAs\":[\"https:\\\/\\\/www.facebook.com\\\/madinavisconti\",\"https:\\\/\\\/www.instagram.com\\\/madinavisconti\",\"https:\\\/\\\/www.linkedin.com\\\/company\\\/madinavisconti\",\"https:\\\/\\\/www.pinterest.com\\\/madinavisconti\"],\"hasMerchantReturnPolicy\":{\"@type\":\"MerchantReturnPolicy\",\"merchantReturnLink\":\"https:\\\/\\\/madinavisconti.com\\\/delivery-and-returns\\\/\"},\"telephone\":[],\"openingHoursSpecification\":[{\"@type\":\"OpeningHoursSpecification\",\"dayOfWeek\":[\"Monday\",\"Tuesday\",\"Wednesday\",\"Thursday\",\"Friday\",\"Saturday\",\"Sunday\"],\"opens\":\"09:00\",\"closes\":\"17:00\"}]},{\"@type\":\"ImageObject\",\"inLanguage\":\"it-IT\",\"@id\":\"https:\\\/\\\/madinavisconti.com\\\/it\\\/la-nostra-storia\\\/#local-main-organization-logo\",\"url\":\"https:\\\/\\\/i0.wp.com\\\/madinavisconti.com\\\/wp-content\\\/uploads\\\/2024\\\/03\\\/mvm-by-madina-visconti-logo.jpg?fit=870%2C309&ssl=1\",\"contentUrl\":\"https:\\\/\\\/i0.wp.com\\\/madinavisconti.com\\\/wp-content\\\/uploads\\\/2024\\\/03\\\/mvm-by-madina-visconti-logo.jpg?fit=870%2C309&ssl=1\",\"width\":870,\"height\":309,\"caption\":\"Madina Visconti\"}]}<\/script>\n<!-- \/ Yoast SEO Premium plugin. -->","yoast_head_json":{"title":"La nostra Storia - Madina Visconti","robots":{"index":"index","follow":"follow","max-snippet":"max-snippet:-1","max-image-preview":"max-image-preview:large","max-video-preview":"max-video-preview:-1"},"canonical":"https:\/\/madinavisconti.com\/it\/la-nostra-storia\/","og_locale":"it_IT","og_type":"article","og_title":"La nostra Storia","og_url":"https:\/\/madinavisconti.com\/it\/la-nostra-storia\/","og_site_name":"Madina Visconti","article_publisher":"https:\/\/www.facebook.com\/madinavisconti","article_modified_time":"2024-04-10T16:43:06+00:00","og_image":[{"width":1920,"height":1282,"url":"https:\/\/i0.wp.com\/madinavisconti.com\/wp-content\/uploads\/2020\/10\/madina-visconti-artigianalita.jpg?fit=1920%2C1282&ssl=1","type":"image\/jpeg"}],"twitter_card":"summary_large_image","twitter_misc":{"Tempo di lettura stimato":"1 minuto"},"schema":{"@context":"https:\/\/schema.org","@graph":[{"@type":"WebPage","@id":"https:\/\/madinavisconti.com\/it\/la-nostra-storia\/","url":"https:\/\/madinavisconti.com\/it\/la-nostra-storia\/","name":"La nostra Storia - Madina Visconti","isPartOf":{"@id":"https:\/\/madinavisconti.com\/it\/#website"},"primaryImageOfPage":{"@id":"https:\/\/madinavisconti.com\/it\/la-nostra-storia\/#primaryimage"},"image":{"@id":"https:\/\/madinavisconti.com\/it\/la-nostra-storia\/#primaryimage"},"thumbnailUrl":"https:\/\/i0.wp.com\/madinavisconti.com\/wp-content\/uploads\/2020\/10\/madina-visconti-artigianalita.jpg?fit=1920%2C1282&ssl=1","datePublished":"2018-06-14T10:04:08+00:00","dateModified":"2024-04-10T16:43:06+00:00","breadcrumb":{"@id":"https:\/\/madinavisconti.com\/it\/la-nostra-storia\/#breadcrumb"},"inLanguage":"it-IT","potentialAction":[{"@type":"ReadAction","target":["https:\/\/madinavisconti.com\/it\/la-nostra-storia\/"]}]},{"@type":"ImageObject","inLanguage":"it-IT","@id":"https:\/\/madinavisconti.com\/it\/la-nostra-storia\/#primaryimage","url":"https:\/\/i0.wp.com\/madinavisconti.com\/wp-content\/uploads\/2020\/10\/madina-visconti-artigianalita.jpg?fit=1920%2C1282&ssl=1","contentUrl":"https:\/\/i0.wp.com\/madinavisconti.com\/wp-content\/uploads\/2020\/10\/madina-visconti-artigianalita.jpg?fit=1920%2C1282&ssl=1","width":1920,"height":1282},{"@type":"BreadcrumbList","@id":"https:\/\/madinavisconti.com\/it\/la-nostra-storia\/#breadcrumb","itemListElement":[{"@type":"ListItem","position":1,"name":"Home","item":"https:\/\/madinavisconti.com\/it\/"},{"@type":"ListItem","position":2,"name":"La nostra Storia"}]},{"@type":"WebSite","@id":"https:\/\/madinavisconti.com\/it\/#website","url":"https:\/\/madinavisconti.com\/it\/","name":"Madina Visconti","description":"Osanna e Madina Visconti di Modrone","publisher":{"@id":"https:\/\/madinavisconti.com\/it\/#organization"},"potentialAction":[{"@type":"SearchAction","target":{"@type":"EntryPoint","urlTemplate":"https:\/\/madinavisconti.com\/it\/?s={search_term_string}"},"query-input":{"@type":"PropertyValueSpecification","valueRequired":true,"valueName":"search_term_string"}}],"inLanguage":"it-IT"},{"@type":["Organization","Place"],"@id":"https:\/\/madinavisconti.com\/it\/#organization","name":"Madina Visconti","url":"https:\/\/madinavisconti.com\/it\/","logo":{"@id":"https:\/\/madinavisconti.com\/it\/la-nostra-storia\/#local-main-organization-logo"},"image":{"@id":"https:\/\/madinavisconti.com\/it\/la-nostra-storia\/#local-main-organization-logo"},"sameAs":["https:\/\/www.facebook.com\/madinavisconti","https:\/\/www.instagram.com\/madinavisconti","https:\/\/www.linkedin.com\/company\/madinavisconti","https:\/\/www.pinterest.com\/madinavisconti"],"hasMerchantReturnPolicy":{"@type":"MerchantReturnPolicy","merchantReturnLink":"https:\/\/madinavisconti.com\/delivery-and-returns\/"},"telephone":[],"openingHoursSpecification":[{"@type":"OpeningHoursSpecification","dayOfWeek":["Monday","Tuesday","Wednesday","Thursday","Friday","Saturday","Sunday"],"opens":"09:00","closes":"17:00"}]},{"@type":"ImageObject","inLanguage":"it-IT","@id":"https:\/\/madinavisconti.com\/it\/la-nostra-storia\/#local-main-organization-logo","url":"https:\/\/i0.wp.com\/madinavisconti.com\/wp-content\/uploads\/2024\/03\/mvm-by-madina-visconti-logo.jpg?fit=870%2C309&ssl=1","contentUrl":"https:\/\/i0.wp.com\/madinavisconti.com\/wp-content\/uploads\/2024\/03\/mvm-by-madina-visconti-logo.jpg?fit=870%2C309&ssl=1","width":870,"height":309,"caption":"Madina Visconti"}]}},"_links":{"self":[{"href":"https:\/\/madinavisconti.com\/it\/wp-json\/wp\/v2\/pages\/98","targetHints":{"allow":["GET"]}}],"collection":[{"href":"https:\/\/madinavisconti.com\/it\/wp-json\/wp\/v2\/pages"}],"about":[{"href":"https:\/\/madinavisconti.com\/it\/wp-json\/wp\/v2\/types\/page"}],"author":[{"embeddable":true,"href":"https:\/\/madinavisconti.com\/it\/wp-json\/wp\/v2\/users\/4"}],"replies":[{"embeddable":true,"href":"https:\/\/madinavisconti.com\/it\/wp-json\/wp\/v2\/comments?post=98"}],"version-history":[{"count":0,"href":"https:\/\/madinavisconti.com\/it\/wp-json\/wp\/v2\/pages\/98\/revisions"}],"wp:featuredmedia":[{"embeddable":true,"href":"https:\/\/madinavisconti.com\/it\/wp-json\/wp\/v2\/media\/8784"}],"wp:attachment":[{"href":"https:\/\/madinavisconti.com\/it\/wp-json\/wp\/v2\/media?parent=98"}],"curies":[{"name":"wp","href":"https:\/\/api.w.org\/{rel}","templated":true}]}}