{"id":16141,"date":"2023-09-08T15:52:20","date_gmt":"2023-09-08T13:52:20","guid":{"rendered":"https:\/\/madinavisconti.com\/?post_type=product&#038;p=16141"},"modified":"2026-02-03T18:32:33","modified_gmt":"2026-02-03T17:32:33","slug":"iniziale-ciondolo-bronzo-rosa","status":"publish","type":"product","link":"https:\/\/madinavisconti.com\/it\/ciondoli\/iniziale-ciondolo-bronzo-rosa\/","title":{"rendered":"Initial Pendant in Bronze and Candy Pink"},"content":{"rendered":"<p>Ciondolo<strong> realizzato a mano<\/strong> utilizzando la tecnica della fusione a cera persa. Fuso e modellato con una <strong>lettera in Bronzo Naturale<\/strong> con smalto a caldo di colore rosa Candy. La chiusura termina con una catenina in <strong>Argento Naturale 925 bagnato in Oro Rosa<\/strong>, regolabile di lunghezza a 39 cm o 42 cm.<\/p>\n<p>Disegnata da Madina Visconti e prodotta nello storico quartiere medievale degli orafi di Milano. Pezzo unico.<br \/>\nPiccole differenze di colore o leggere imperfezioni sono da considerarsi come prova dell&#8217;artigianalit\u00e0 della manifattura.<\/p>\n<p><strong>Questo ciondolo \u00e8 fatto su commissione e ti verr\u00e0 recapitato entro 2\/3 settimane dalla ricezione del pagamento.<\/strong><\/p>\n","protected":false},"excerpt":{"rendered":"<p>Ciondolo<strong> realizzato a mano<\/strong> utilizzando la tecnica della fusione a cera persa. Fuso e modellato con una <strong>lettera in Bronzo Naturale<\/strong> con smalto a caldo di colore rosa Candy. La chiusura termina con una catenina in <strong>Argento Naturale 925 bagnato in Oro Rosa<\/strong>, regolabile di lunghezza a 39 cm o 42 cm.<\/p>\n<p>Disegnata da Madina Visconti e prodotta nello storico quartiere medievale degli orafi di Milano. Pezzo unico.<br \/>\nPiccole differenze di colore o leggere imperfezioni sono da considerarsi come prova dell&#8217;artigianalit\u00e0 della manifattura.<\/p>\n<p><strong>Il ciondolo \u00e8 fatto su commissione e ti verr\u00e0 recapitato entro 3 settimane dalla ricezione del pagamento. Ordina entro il 30 novembre per ricevere questo ciondolo prima di Natale!<\/strong><\/p>\n","protected":false},"featured_media":16011,"template":"","meta":{"_acf_changed":false,"_crdt_document":"","rs_blank_template":"","rs_page_bg_color":"","slide_template_v7":"","footnotes":""},"product_collection":[219],"product_brand":[584],"product_cat":[85,84],"product_tag":[278],"class_list":{"0":"post-16141","1":"product","2":"type-product","3":"status-publish","4":"has-post-thumbnail","6":"product_collection-name","7":"product_brand-mvmbymadinavisconti","8":"product_cat-ciondoli","9":"product_cat-collane","10":"product_tag-bestsellers-it","11":"pa_enamel-color-rosa","12":"pa_finishing-bronzo-naturale","13":"pa_groupage-ciondoli-iniziali-colorati","14":"pa_letters-a-it","15":"pa_letters-b-it","16":"pa_letters-c-it","17":"pa_letters-d-it","18":"pa_letters-e-it","19":"pa_letters-f-it","20":"pa_letters-g-it","21":"pa_letters-h-it","22":"pa_letters-i-it","23":"pa_letters-j-it","24":"pa_letters-k-it","25":"pa_letters-l-it","26":"pa_letters-m-it","27":"pa_letters-n-it","28":"pa_letters-o-it","29":"pa_letters-p-it","30":"pa_letters-q-it","31":"pa_letters-r-it","32":"pa_letters-s-it","33":"pa_letters-t-it","34":"pa_letters-u-it","35":"pa_letters-v-it","36":"pa_letters-w-it","37":"pa_letters-x-it","38":"pa_letters-y-it","39":"pa_letters-z-it","40":"pa_material-bronzo-naturale","41":"pa_status-su-misura","42":"tm-has-options","44":"first","45":"onbackorder","46":"taxable","47":"shipping-taxable","48":"purchasable","49":"product-type-variable","50":"add-to-wishlist-before_image"},"acf":[],"yoast_head":"<!-- This site is optimized with the Yoast SEO Premium plugin v27.3 (Yoast SEO v27.3) - https:\/\/yoast.com\/product\/yoast-seo-premium-wordpress\/ -->\n<title>Initial Pendant in Bronze and Candy Pink<\/title>\n<meta name=\"description\" content=\"Ciondolo realizzato a mano utilizzando la tecnica della fusione a cera persa. Fuso e modellato con una lettera in Bronzo Naturale con smalto rosa Candy.\" \/>\n<meta name=\"robots\" content=\"index, follow, max-snippet:-1, max-image-preview:large, max-video-preview:-1\" \/>\n<link rel=\"canonical\" href=\"https:\/\/madinavisconti.com\/it\/ciondoli\/iniziale-ciondolo-bronzo-rosa\/\" \/>\n<meta property=\"og:locale\" content=\"it_IT\" \/>\n<meta property=\"og:type\" content=\"article\" \/>\n<meta property=\"og:title\" content=\"Bronze Initial Pendant\" \/>\n<meta property=\"og:description\" content=\"Ciondolo in Bronzo Naturale realizzato a mano con la tecnica della fusione a cera persa, con catenina in argento bagnato in oro rosa. Prodotto nel quartiere medievale degli orafi di Milano. Pezzo unico. Piccole differenze di colore o leggere imperfezioni sono da considerarsi come prova dell&#039;artigianalit\u00e0\u00a0della manifattura.\" \/>\n<meta property=\"og:url\" content=\"https:\/\/madinavisconti.com\/it\/ciondoli\/iniziale-ciondolo-bronzo-rosa\/\" \/>\n<meta property=\"og:site_name\" content=\"Madina Visconti\" \/>\n<meta property=\"article:publisher\" content=\"https:\/\/www.facebook.com\/madinavisconti\" \/>\n<meta property=\"article:modified_time\" content=\"2026-02-03T17:32:33+00:00\" \/>\n<meta property=\"og:image\" content=\"https:\/\/madinavisconti.com\/wp-content\/uploads\/2019\/10\/the-bronze-initial-pendant-product.jpg\" \/>\n\t<meta property=\"og:image:width\" content=\"1000\" \/>\n\t<meta property=\"og:image:height\" content=\"1340\" \/>\n\t<meta property=\"og:image:type\" content=\"image\/jpeg\" \/>\n<meta name=\"twitter:card\" content=\"summary_large_image\" \/>\n<meta name=\"twitter:title\" content=\"Initial Pendant in Bronze and Candy Pink\" \/>\n<meta name=\"twitter:description\" content=\"Ciondolo realizzato a mano utilizzando la tecnica della fusione a cera persa. Fuso e modellato con una lettera in Bronzo Naturale con smalto a caldo di colore rosa Candy. La chiusura termina con una catenina in Argento Naturale 925 bagnato in Oro Rosa, regolabile di lunghezza a 39 cm o 42 cm.  Disegnata da Madina Visconti e prodotta nello storico quartiere medievale degli orafi di Milano. Pezzo unico. Piccole differenze di colore o leggere imperfezioni sono da considerarsi come prova dell&#039;artigianalit\u00e0 della manifattura.  Il ciondolo \u00e8 fatto su commissione e ti verr\u00e0 recapitato entro 3 settimane dalla ricezione del pagamento. Ordina entro il 30 novembre per ricevere questo ciondolo prima di Natale!\" \/>\n<meta name=\"twitter:label1\" content=\"Disponibilit\u00e0\" \/>\n\t<meta name=\"twitter:data1\" content=\"Su ordinazione\" \/>\n<script type=\"application\/ld+json\" class=\"yoast-schema-graph\">{\"@context\":\"https:\\\/\\\/schema.org\",\"@graph\":[{\"@type\":\"WebPage\",\"@id\":\"https:\\\/\\\/madinavisconti.com\\\/it\\\/ciondoli\\\/iniziale-ciondolo-bronzo-rosa\\\/\",\"url\":\"https:\\\/\\\/madinavisconti.com\\\/it\\\/ciondoli\\\/iniziale-ciondolo-bronzo-rosa\\\/\",\"name\":\"Initial Pendant in Bronze and Candy Pink\",\"isPartOf\":{\"@id\":\"https:\\\/\\\/madinavisconti.com\\\/it\\\/#website\"},\"primaryImageOfPage\":{\"@id\":\"https:\\\/\\\/madinavisconti.com\\\/it\\\/ciondoli\\\/iniziale-ciondolo-bronzo-rosa\\\/#primaryimage\"},\"image\":{\"@id\":\"https:\\\/\\\/madinavisconti.com\\\/it\\\/ciondoli\\\/iniziale-ciondolo-bronzo-rosa\\\/#primaryimage\"},\"thumbnailUrl\":\"https:\\\/\\\/i0.wp.com\\\/madinavisconti.com\\\/wp-content\\\/uploads\\\/2023\\\/09\\\/initial-pendant-bronze-candy-pink-madina-visconti-2939-fv3723-007.jpg?fit=1425%2C1900&ssl=1\",\"datePublished\":\"2023-09-08T13:52:20+00:00\",\"dateModified\":\"2026-02-03T17:32:33+00:00\",\"description\":\"Ciondolo realizzato a mano utilizzando la tecnica della fusione a cera persa. Fuso e modellato con una lettera in Bronzo Naturale con smalto rosa Candy.\",\"breadcrumb\":{\"@id\":\"https:\\\/\\\/madinavisconti.com\\\/it\\\/ciondoli\\\/iniziale-ciondolo-bronzo-rosa\\\/#breadcrumb\"},\"inLanguage\":\"it-IT\",\"potentialAction\":[{\"@type\":\"ReadAction\",\"target\":[\"https:\\\/\\\/madinavisconti.com\\\/it\\\/ciondoli\\\/iniziale-ciondolo-bronzo-rosa\\\/\"]}]},{\"@type\":\"ImageObject\",\"inLanguage\":\"it-IT\",\"@id\":\"https:\\\/\\\/madinavisconti.com\\\/it\\\/ciondoli\\\/iniziale-ciondolo-bronzo-rosa\\\/#primaryimage\",\"url\":\"https:\\\/\\\/i0.wp.com\\\/madinavisconti.com\\\/wp-content\\\/uploads\\\/2023\\\/09\\\/initial-pendant-bronze-candy-pink-madina-visconti-2939-fv3723-007.jpg?fit=1425%2C1900&ssl=1\",\"contentUrl\":\"https:\\\/\\\/i0.wp.com\\\/madinavisconti.com\\\/wp-content\\\/uploads\\\/2023\\\/09\\\/initial-pendant-bronze-candy-pink-madina-visconti-2939-fv3723-007.jpg?fit=1425%2C1900&ssl=1\",\"width\":1425,\"height\":1900,\"caption\":\"NAME NECKLACE PENDANT FUSION BRONZE NATURAL CANDY PINK ENAMEL\"},{\"@type\":\"BreadcrumbList\",\"@id\":\"https:\\\/\\\/madinavisconti.com\\\/it\\\/ciondoli\\\/iniziale-ciondolo-bronzo-rosa\\\/#breadcrumb\",\"itemListElement\":[{\"@type\":\"ListItem\",\"position\":1,\"name\":\"Home\",\"item\":\"https:\\\/\\\/madinavisconti.com\\\/it\\\/\"},{\"@type\":\"ListItem\",\"position\":2,\"name\":\"Shop\",\"item\":\"https:\\\/\\\/madinavisconti.com\\\/it\\\/shop\\\/\"},{\"@type\":\"ListItem\",\"position\":3,\"name\":\"Ciondoli\",\"item\":\"https:\\\/\\\/madinavisconti.com\\\/it\\\/ciondoli\\\/\"},{\"@type\":\"ListItem\",\"position\":4,\"name\":\"Initial Pendant in Bronze and Candy Pink\"}]},{\"@type\":\"WebSite\",\"@id\":\"https:\\\/\\\/madinavisconti.com\\\/it\\\/#website\",\"url\":\"https:\\\/\\\/madinavisconti.com\\\/it\\\/\",\"name\":\"Madina Visconti\",\"description\":\"Osanna e Madina Visconti di Modrone\",\"publisher\":{\"@id\":\"https:\\\/\\\/madinavisconti.com\\\/it\\\/#organization\"},\"potentialAction\":[{\"@type\":\"SearchAction\",\"target\":{\"@type\":\"EntryPoint\",\"urlTemplate\":\"https:\\\/\\\/madinavisconti.com\\\/it\\\/?s={search_term_string}\"},\"query-input\":{\"@type\":\"PropertyValueSpecification\",\"valueRequired\":true,\"valueName\":\"search_term_string\"}}],\"inLanguage\":\"it-IT\"},{\"@type\":[\"Organization\",\"Place\"],\"@id\":\"https:\\\/\\\/madinavisconti.com\\\/it\\\/#organization\",\"name\":\"Madina Visconti\",\"url\":\"https:\\\/\\\/madinavisconti.com\\\/it\\\/\",\"logo\":{\"@id\":\"https:\\\/\\\/madinavisconti.com\\\/it\\\/ciondoli\\\/iniziale-ciondolo-bronzo-rosa\\\/#local-main-organization-logo\"},\"image\":{\"@id\":\"https:\\\/\\\/madinavisconti.com\\\/it\\\/ciondoli\\\/iniziale-ciondolo-bronzo-rosa\\\/#local-main-organization-logo\"},\"sameAs\":[\"https:\\\/\\\/www.facebook.com\\\/madinavisconti\",\"https:\\\/\\\/www.instagram.com\\\/madinavisconti\",\"https:\\\/\\\/www.linkedin.com\\\/company\\\/madinavisconti\",\"https:\\\/\\\/www.pinterest.com\\\/madinavisconti\"],\"hasMerchantReturnPolicy\":{\"@type\":\"MerchantReturnPolicy\",\"merchantReturnLink\":\"https:\\\/\\\/madinavisconti.com\\\/delivery-and-returns\\\/\"},\"telephone\":[],\"openingHoursSpecification\":[{\"@type\":\"OpeningHoursSpecification\",\"dayOfWeek\":[\"Monday\",\"Tuesday\",\"Wednesday\",\"Thursday\",\"Friday\",\"Saturday\",\"Sunday\"],\"opens\":\"09:00\",\"closes\":\"17:00\"}]},{\"@type\":\"ImageObject\",\"inLanguage\":\"it-IT\",\"@id\":\"https:\\\/\\\/madinavisconti.com\\\/it\\\/ciondoli\\\/iniziale-ciondolo-bronzo-rosa\\\/#local-main-organization-logo\",\"url\":\"https:\\\/\\\/i0.wp.com\\\/madinavisconti.com\\\/wp-content\\\/uploads\\\/2024\\\/03\\\/mvm-by-madina-visconti-logo.jpg?fit=870%2C309&ssl=1\",\"contentUrl\":\"https:\\\/\\\/i0.wp.com\\\/madinavisconti.com\\\/wp-content\\\/uploads\\\/2024\\\/03\\\/mvm-by-madina-visconti-logo.jpg?fit=870%2C309&ssl=1\",\"width\":870,\"height\":309,\"caption\":\"Madina Visconti\"}]}<\/script>\n<meta property=\"product:brand\" content=\"MVM by Madina Visconti\" \/>\n<meta property=\"og:availability\" content=\"backorder\" \/>\n<meta property=\"product:availability\" content=\"available for order\" \/>\n<meta property=\"product:retailer_item_id\" content=\"MNANE16F692E-P\" \/>\n<meta property=\"product:condition\" content=\"new\" \/>\n<!-- \/ Yoast SEO Premium plugin. -->","yoast_head_json":{"title":"Initial Pendant in Bronze and Candy Pink","description":"Ciondolo realizzato a mano utilizzando la tecnica della fusione a cera persa. Fuso e modellato con una lettera in Bronzo Naturale con smalto rosa Candy.","robots":{"index":"index","follow":"follow","max-snippet":"max-snippet:-1","max-image-preview":"max-image-preview:large","max-video-preview":"max-video-preview:-1"},"canonical":"https:\/\/madinavisconti.com\/it\/ciondoli\/iniziale-ciondolo-bronzo-rosa\/","og_locale":"it_IT","og_type":"article","og_title":"Bronze Initial Pendant","og_description":"Ciondolo in Bronzo Naturale realizzato a mano con la tecnica della fusione a cera persa, con catenina in argento bagnato in oro rosa. Prodotto nel quartiere medievale degli orafi di Milano. Pezzo unico. Piccole differenze di colore o leggere imperfezioni sono da considerarsi come prova dell'artigianalit\u00e0\u00a0della manifattura.","og_url":"https:\/\/madinavisconti.com\/it\/ciondoli\/iniziale-ciondolo-bronzo-rosa\/","og_site_name":"Madina Visconti","article_publisher":"https:\/\/www.facebook.com\/madinavisconti","article_modified_time":"2026-02-03T17:32:33+00:00","og_image":[{"width":1000,"height":1340,"url":"https:\/\/madinavisconti.com\/wp-content\/uploads\/2019\/10\/the-bronze-initial-pendant-product.jpg","type":"image\/jpeg"}],"twitter_card":"summary_large_image","twitter_title":"Initial Pendant in Bronze and Candy Pink","twitter_description":"Ciondolo realizzato a mano utilizzando la tecnica della fusione a cera persa. Fuso e modellato con una lettera in Bronzo Naturale con smalto a caldo di colore rosa Candy. La chiusura termina con una catenina in Argento Naturale 925 bagnato in Oro Rosa, regolabile di lunghezza a 39 cm o 42 cm.  Disegnata da Madina Visconti e prodotta nello storico quartiere medievale degli orafi di Milano. Pezzo unico. Piccole differenze di colore o leggere imperfezioni sono da considerarsi come prova dell'artigianalit\u00e0 della manifattura.  Il ciondolo \u00e8 fatto su commissione e ti verr\u00e0 recapitato entro 3 settimane dalla ricezione del pagamento. Ordina entro il 30 novembre per ricevere questo ciondolo prima di Natale!","twitter_misc":{"Disponibilit\u00e0":"Su ordinazione"},"schema":{"@context":"https:\/\/schema.org","@graph":[{"@type":"WebPage","@id":"https:\/\/madinavisconti.com\/it\/ciondoli\/iniziale-ciondolo-bronzo-rosa\/","url":"https:\/\/madinavisconti.com\/it\/ciondoli\/iniziale-ciondolo-bronzo-rosa\/","name":"Initial Pendant in Bronze and Candy Pink","isPartOf":{"@id":"https:\/\/madinavisconti.com\/it\/#website"},"primaryImageOfPage":{"@id":"https:\/\/madinavisconti.com\/it\/ciondoli\/iniziale-ciondolo-bronzo-rosa\/#primaryimage"},"image":{"@id":"https:\/\/madinavisconti.com\/it\/ciondoli\/iniziale-ciondolo-bronzo-rosa\/#primaryimage"},"thumbnailUrl":"https:\/\/i0.wp.com\/madinavisconti.com\/wp-content\/uploads\/2023\/09\/initial-pendant-bronze-candy-pink-madina-visconti-2939-fv3723-007.jpg?fit=1425%2C1900&ssl=1","datePublished":"2023-09-08T13:52:20+00:00","dateModified":"2026-02-03T17:32:33+00:00","description":"Ciondolo realizzato a mano utilizzando la tecnica della fusione a cera persa. Fuso e modellato con una lettera in Bronzo Naturale con smalto rosa Candy.","breadcrumb":{"@id":"https:\/\/madinavisconti.com\/it\/ciondoli\/iniziale-ciondolo-bronzo-rosa\/#breadcrumb"},"inLanguage":"it-IT","potentialAction":[{"@type":"ReadAction","target":["https:\/\/madinavisconti.com\/it\/ciondoli\/iniziale-ciondolo-bronzo-rosa\/"]}]},{"@type":"ImageObject","inLanguage":"it-IT","@id":"https:\/\/madinavisconti.com\/it\/ciondoli\/iniziale-ciondolo-bronzo-rosa\/#primaryimage","url":"https:\/\/i0.wp.com\/madinavisconti.com\/wp-content\/uploads\/2023\/09\/initial-pendant-bronze-candy-pink-madina-visconti-2939-fv3723-007.jpg?fit=1425%2C1900&ssl=1","contentUrl":"https:\/\/i0.wp.com\/madinavisconti.com\/wp-content\/uploads\/2023\/09\/initial-pendant-bronze-candy-pink-madina-visconti-2939-fv3723-007.jpg?fit=1425%2C1900&ssl=1","width":1425,"height":1900,"caption":"NAME NECKLACE PENDANT FUSION BRONZE NATURAL CANDY PINK ENAMEL"},{"@type":"BreadcrumbList","@id":"https:\/\/madinavisconti.com\/it\/ciondoli\/iniziale-ciondolo-bronzo-rosa\/#breadcrumb","itemListElement":[{"@type":"ListItem","position":1,"name":"Home","item":"https:\/\/madinavisconti.com\/it\/"},{"@type":"ListItem","position":2,"name":"Shop","item":"https:\/\/madinavisconti.com\/it\/shop\/"},{"@type":"ListItem","position":3,"name":"Ciondoli","item":"https:\/\/madinavisconti.com\/it\/ciondoli\/"},{"@type":"ListItem","position":4,"name":"Initial Pendant in Bronze and Candy Pink"}]},{"@type":"WebSite","@id":"https:\/\/madinavisconti.com\/it\/#website","url":"https:\/\/madinavisconti.com\/it\/","name":"Madina Visconti","description":"Osanna e Madina Visconti di Modrone","publisher":{"@id":"https:\/\/madinavisconti.com\/it\/#organization"},"potentialAction":[{"@type":"SearchAction","target":{"@type":"EntryPoint","urlTemplate":"https:\/\/madinavisconti.com\/it\/?s={search_term_string}"},"query-input":{"@type":"PropertyValueSpecification","valueRequired":true,"valueName":"search_term_string"}}],"inLanguage":"it-IT"},{"@type":["Organization","Place"],"@id":"https:\/\/madinavisconti.com\/it\/#organization","name":"Madina Visconti","url":"https:\/\/madinavisconti.com\/it\/","logo":{"@id":"https:\/\/madinavisconti.com\/it\/ciondoli\/iniziale-ciondolo-bronzo-rosa\/#local-main-organization-logo"},"image":{"@id":"https:\/\/madinavisconti.com\/it\/ciondoli\/iniziale-ciondolo-bronzo-rosa\/#local-main-organization-logo"},"sameAs":["https:\/\/www.facebook.com\/madinavisconti","https:\/\/www.instagram.com\/madinavisconti","https:\/\/www.linkedin.com\/company\/madinavisconti","https:\/\/www.pinterest.com\/madinavisconti"],"hasMerchantReturnPolicy":{"@type":"MerchantReturnPolicy","merchantReturnLink":"https:\/\/madinavisconti.com\/delivery-and-returns\/"},"telephone":[],"openingHoursSpecification":[{"@type":"OpeningHoursSpecification","dayOfWeek":["Monday","Tuesday","Wednesday","Thursday","Friday","Saturday","Sunday"],"opens":"09:00","closes":"17:00"}]},{"@type":"ImageObject","inLanguage":"it-IT","@id":"https:\/\/madinavisconti.com\/it\/ciondoli\/iniziale-ciondolo-bronzo-rosa\/#local-main-organization-logo","url":"https:\/\/i0.wp.com\/madinavisconti.com\/wp-content\/uploads\/2024\/03\/mvm-by-madina-visconti-logo.jpg?fit=870%2C309&ssl=1","contentUrl":"https:\/\/i0.wp.com\/madinavisconti.com\/wp-content\/uploads\/2024\/03\/mvm-by-madina-visconti-logo.jpg?fit=870%2C309&ssl=1","width":870,"height":309,"caption":"Madina Visconti"}]},"product_brand":"MVM by Madina Visconti","og_availability":"backorder","product_availability":"available for order","product_retailer_item_id":"MNANE16F692E-P","product_condition":"new"},"df_price":230,"df_sale_price":"","df_regular_price":230,"df_image_link":"https:\/\/i0.wp.com\/madinavisconti.com\/wp-content\/uploads\/2023\/09\/initial-pendant-bronze-candy-pink-madina-visconti-2939-fv3723-007.jpg?fit=225%2C300&ssl=1","_links":{"self":[{"href":"https:\/\/madinavisconti.com\/it\/wp-json\/wp\/v2\/product\/16141","targetHints":{"allow":["GET"]}}],"collection":[{"href":"https:\/\/madinavisconti.com\/it\/wp-json\/wp\/v2\/product"}],"about":[{"href":"https:\/\/madinavisconti.com\/it\/wp-json\/wp\/v2\/types\/product"}],"version-history":[{"count":6,"href":"https:\/\/madinavisconti.com\/it\/wp-json\/wp\/v2\/product\/16141\/revisions"}],"predecessor-version":[{"id":25408,"href":"https:\/\/madinavisconti.com\/it\/wp-json\/wp\/v2\/product\/16141\/revisions\/25408"}],"wp:featuredmedia":[{"embeddable":true,"href":"https:\/\/madinavisconti.com\/it\/wp-json\/wp\/v2\/media\/16011"}],"wp:attachment":[{"href":"https:\/\/madinavisconti.com\/it\/wp-json\/wp\/v2\/media?parent=16141"}],"wp:term":[{"taxonomy":"product_collection","embeddable":true,"href":"https:\/\/madinavisconti.com\/it\/wp-json\/wp\/v2\/product_collection?post=16141"},{"taxonomy":"product_brand","embeddable":true,"href":"https:\/\/madinavisconti.com\/it\/wp-json\/wp\/v2\/product_brand?post=16141"},{"taxonomy":"product_cat","embeddable":true,"href":"https:\/\/madinavisconti.com\/it\/wp-json\/wp\/v2\/product_cat?post=16141"},{"taxonomy":"product_tag","embeddable":true,"href":"https:\/\/madinavisconti.com\/it\/wp-json\/wp\/v2\/product_tag?post=16141"}],"curies":[{"name":"wp","href":"https:\/\/api.w.org\/{rel}","templated":true}]}}